{"id":13,"date":"2010-06-19T04:18:34","date_gmt":"2010-06-19T04:18:34","guid":{"rendered":"http:\/\/www.dabus.com.br\/blog\/?page_id=13"},"modified":"2010-12-10T13:41:00","modified_gmt":"2010-12-10T13:41:00","slug":"quem-somos","status":"publish","type":"page","link":"https:\/\/www.dabusarquitetura.com.br\/blog\/quem-somos\/","title":{"rendered":"Quem Somos"},"content":{"rendered":"<p><span style=\"font-family: verdana;\">Projetos bem sucedidos que se tornam <\/span><strong>refer\u00eancia para todo o mercado  de Arquitetura<\/strong><span style=\"font-family: verdana;\"> nascem da <\/span><strong>sensibilidade, empenho e compet\u00eancia<\/strong><span style=\"font-family: verdana;\"> de uma equipe capaz de compreender <\/span><strong>os  sonhos e as necessidades de cada  cliente<\/strong><span style=\"font-family: verdana;\">.<\/span><\/p>\n<p style=\"text-align: center;\"><span style=\"font-family: verdana;\"><a href=\"http:\/\/www.dabus.com.br\/blog\/wp-content\/uploads\/2010\/06\/dabus.jpg\"><img decoding=\"async\" loading=\"lazy\" class=\"size-full wp-image-486  aligncenter\" title=\"dabus\" src=\"http:\/\/www.dabus.com.br\/blog\/wp-content\/uploads\/2010\/06\/dabus.jpg\" alt=\"\" width=\"300\" height=\"79\" \/><\/a><br \/>\n<\/span><\/p>\n<p><span style=\"font-family: verdana;\">Ao longo desses <strong>mais de 20 <\/strong><\/span><strong>anos <\/strong><span style=\"font-family: verdana;\">a <\/span><strong>DABUS  ARQUITETURA<\/strong><span style=\"font-family: verdana;\"> vem atendendo a diversos  segmentos, trabalhando com sucesso para tornar cada projeto <\/span><strong>\u00fanico, criativo, adequado e de extremo bom  gosto.<\/strong><\/p>\n<p><span style=\"font-family: verdana;\">Desde o in\u00edcio fizemos do <\/span><strong>atendimento e relacionamento<\/strong><span style=\"font-family: verdana;\"> fatores fundamentais de nossa atua\u00e7\u00e3o. Por isso eles s\u00e3o  personalizados, qualificados e constantes.<\/span><\/p>\n<p><span style=\"font-family: verdana;\">Al\u00e9m disso, trabalhamos com que o chamamos de <\/span><strong>&#8220;Project Team&#8221;<\/strong><span style=\"font-family: verdana;\">,  uma <\/span><strong>equipe multidisciplinar <\/strong><span style=\"font-family: verdana;\">altamente capacitada que nos permite monitorar,  coordenar e fiscalizar cada etapa a ser desenvolvida, e ainda <\/span><strong>gerenciar de perto a obra.<\/strong><\/p>\n<p><span style=\"font-family: verdana;\">Antes de nos lan\u00e7armos sobre a concretiza\u00e7\u00e3o de um  projeto de Arquitetura, nos debru\u00e7amos em in\u00fameras pesquisas e<\/span><strong> nos tornamos parte integrante da sua  realidade<\/strong><span style=\"font-family: verdana;\">, interpretando e racionalizando as  ideias e fun\u00e7\u00f5es at\u00e9 o resultado final tomar a <\/span><strong>forma mais harm\u00f4nica, bela e precisa<\/strong><span style=\"font-family: verdana;\">.<\/span><\/p>\n<p><span style=\"font-family: verdana;\">Hoje com foco na <\/span><strong>Arquitetura Corporativa<\/strong><span style=\"font-family: verdana;\"> a <\/span><strong>DABUS  ARQUITETURA<\/strong><span style=\"font-family: verdana;\"> atende tamb\u00e9m  \u00e0s \u00e1reas <\/span><strong>Comercial, Especializada, Franquias e  Residencial<\/strong><span style=\"font-family: verdana;\">.<\/span><\/p>\n<p><span style=\"font-family: verdana;\">Ao  gerenciarmos nossos m\u00e9todos, visamos integrar muito mais que ideias.  Associamos aos nossos projetos <\/span><strong>solu\u00e7\u00f5es  cada vez mais criativas e participativas<\/strong><span style=\"font-family: verdana;\">.<\/span><\/p>\n<p><strong>Miss\u00e3o:<\/strong><br \/>\n<span style=\"font-family: verdana;\">Nosso compromisso \u00e9 atender nossos  clientes e <\/span><strong>conhecer seus desejos<\/strong><span style=\"font-family: verdana;\"> para dar forma as suas necessidades, desenvolvendo  projetos com excel\u00eancia em<\/span><strong> <em>design<\/em>,  otimiza\u00e7\u00e3o de espa\u00e7o, pleno conhecimento em tecnologias e sensibilidade  para custos e prazos<\/strong><span style=\"font-family: verdana;\">.<\/span><\/p>\n<p><strong>Vis\u00e3o:<\/strong><br \/>\n<span style=\"font-family: verdana;\">Ser reconhecido como um escrit\u00f3rio de  Arquitetura <\/span><strong>inovador e  transparente<\/strong><span style=\"font-family: verdana;\">, sendo o <\/span><strong>melhor parceiro na presta\u00e7\u00e3o de servi\u00e7os <\/strong><span style=\"font-family: verdana;\">que excedam as expectativas dos clientes.<\/span><\/p>\n<p><strong>Valores: <\/strong><br \/>\n<span style=\"font-family: verdana;\">Compromisso com o cliente<\/span><br \/>\n<span style=\"font-family: verdana;\">Transpar\u00eancia<\/span><br \/>\n<span style=\"font-family: verdana;\">Inova\u00e7\u00e3o<\/span><br \/>\n<span style=\"font-family: verdana;\">Ousadia<\/span><br \/>\n<span style=\"font-family: verdana;\">Desempenho<\/span><br \/>\n<span style=\"font-family: verdana;\">Senso de humor<\/span><br \/>\n<span style=\"font-family: verdana;\">Trabalho em equipe<\/span><\/p>\n<p><span style=\"font-family: verdana;\">Com muita convic\u00e7\u00e3o e responsabilidade  profissional de quem \u00e9 competente e apaixonado pelo o que faz, a <strong>DABUS  ARQUITETURA <\/strong>coloca-se a sua disposi\u00e7\u00e3o, atendendo suas expectativas  e <strong>realizando seus sonhos como se fossem os nossos<\/strong>&#8230;<\/span><\/p>\n<p><span style=\"font-family: verdana;\">Saiba mais sobre a <a href=\"http:\/\/www.dabus.com.br\" target=\"_blank\">DABUS ARQUITETURA<\/a> em nosso site.<br \/>\n<\/span><\/p>\n<p>Somos  um <strong>escrit\u00f3rio de Arquitetura<\/strong> associado a:<\/p>\n<table border=\"0\" cellspacing=\"0\" cellpadding=\"0\" width=\"460\">\n<tbody>\n<tr>\n<td align=\"center\"><a href=\"http:\/\/asbea.com.br\/\" target=\"_blank\"><img decoding=\"async\" loading=\"lazy\" class=\"aligncenter size-full wp-image-484\" title=\"asbea\" src=\"http:\/\/www.dabus.com.br\/blog\/wp-content\/uploads\/2010\/06\/asbea.gif\" alt=\"\" width=\"130\" height=\"134\" \/><\/a><\/td>\n<td align=\"center\"><a href=\"http:\/\/www.dabus.com.br\/blog\/wp-content\/uploads\/2010\/06\/associacao.gif\"><\/a><a href=\"http:\/\/www.abf.com.br\" target=\"_blank\"><img decoding=\"async\" loading=\"lazy\" class=\"aligncenter size-full wp-image-492\" title=\"associacao\" src=\"http:\/\/www.dabus.com.br\/blog\/wp-content\/uploads\/2010\/06\/associacao1.gif\" alt=\"\" width=\"172\" height=\"48\" \/><\/a><\/td>\n<\/tr>\n<\/tbody>\n<\/table>\n<p style=\"text-align: left;\"><span style=\"font-family: verdana; font-size: x-small;\"> <\/span><\/p>\n","protected":false},"excerpt":{"rendered":"<p>Projetos bem sucedidos que se tornam refer\u00eancia para todo o mercado de Arquitetura nascem da sensibilidade, empenho e compet\u00eancia de uma equipe capaz de compreender [&hellip;]<\/p>\n","protected":false},"author":3,"featured_media":0,"parent":0,"menu_order":1,"comment_status":"closed","ping_status":"open","template":"","meta":[],"yoast_head":"<!-- This site is optimized with the Yoast SEO plugin v20.8 - https:\/\/yoast.com\/wordpress\/plugins\/seo\/ -->\n<title>Quem Somos - DABUS ARQUITETURA<\/title>\n<meta name=\"robots\" content=\"index, follow, max-snippet:-1, max-image-preview:large, max-video-preview:-1\" \/>\n<link rel=\"canonical\" href=\"https:\/\/www.dabusarquitetura.com.br\/blog\/quem-somos\/\" \/>\n<meta property=\"og:locale\" content=\"pt_BR\" \/>\n<meta property=\"og:type\" content=\"article\" \/>\n<meta property=\"og:title\" content=\"Quem Somos - DABUS ARQUITETURA\" \/>\n<meta property=\"og:description\" content=\"Projetos bem sucedidos que se tornam refer\u00eancia para todo o mercado de Arquitetura nascem da sensibilidade, empenho e compet\u00eancia de uma equipe capaz de compreender [&hellip;]\" \/>\n<meta property=\"og:url\" content=\"https:\/\/www.dabusarquitetura.com.br\/blog\/quem-somos\/\" \/>\n<meta property=\"og:site_name\" content=\"DABUS ARQUITETURA\" \/>\n<meta property=\"article:modified_time\" content=\"2010-12-10T13:41:00+00:00\" \/>\n<meta property=\"og:image\" content=\"http:\/\/www.dabus.com.br\/blog\/wp-content\/uploads\/2010\/06\/dabus.jpg\" \/>\n<meta name=\"twitter:card\" content=\"summary_large_image\" \/>\n<meta name=\"twitter:label1\" content=\"Est. tempo de leitura\" \/>\n\t<meta name=\"twitter:data1\" content=\"2 minutos\" \/>\n<script type=\"application\/ld+json\" class=\"yoast-schema-graph\">{\"@context\":\"https:\/\/schema.org\",\"@graph\":[{\"@type\":\"WebPage\",\"@id\":\"https:\/\/www.dabusarquitetura.com.br\/blog\/quem-somos\/\",\"url\":\"https:\/\/www.dabusarquitetura.com.br\/blog\/quem-somos\/\",\"name\":\"Quem Somos - DABUS ARQUITETURA\",\"isPartOf\":{\"@id\":\"https:\/\/www.dabusarquitetura.com.br\/blog\/#website\"},\"datePublished\":\"2010-06-19T04:18:34+00:00\",\"dateModified\":\"2010-12-10T13:41:00+00:00\",\"breadcrumb\":{\"@id\":\"https:\/\/www.dabusarquitetura.com.br\/blog\/quem-somos\/#breadcrumb\"},\"inLanguage\":\"pt-BR\",\"potentialAction\":[{\"@type\":\"ReadAction\",\"target\":[\"https:\/\/www.dabusarquitetura.com.br\/blog\/quem-somos\/\"]}]},{\"@type\":\"BreadcrumbList\",\"@id\":\"https:\/\/www.dabusarquitetura.com.br\/blog\/quem-somos\/#breadcrumb\",\"itemListElement\":[{\"@type\":\"ListItem\",\"position\":1,\"name\":\"In\u00edcio\",\"item\":\"https:\/\/www.dabusarquitetura.com.br\/blog\/\"},{\"@type\":\"ListItem\",\"position\":2,\"name\":\"Quem Somos\"}]},{\"@type\":\"WebSite\",\"@id\":\"https:\/\/www.dabusarquitetura.com.br\/blog\/#website\",\"url\":\"https:\/\/www.dabusarquitetura.com.br\/blog\/\",\"name\":\"DABUS ARQUITETURA\",\"description\":\"Arquitetura Corporativa\",\"potentialAction\":[{\"@type\":\"SearchAction\",\"target\":{\"@type\":\"EntryPoint\",\"urlTemplate\":\"https:\/\/www.dabusarquitetura.com.br\/blog\/?s={search_term_string}\"},\"query-input\":\"required name=search_term_string\"}],\"inLanguage\":\"pt-BR\"}]}<\/script>\n<!-- \/ Yoast SEO plugin. -->","yoast_head_json":{"title":"Quem Somos - DABUS ARQUITETURA","robots":{"index":"index","follow":"follow","max-snippet":"max-snippet:-1","max-image-preview":"max-image-preview:large","max-video-preview":"max-video-preview:-1"},"canonical":"https:\/\/www.dabusarquitetura.com.br\/blog\/quem-somos\/","og_locale":"pt_BR","og_type":"article","og_title":"Quem Somos - DABUS ARQUITETURA","og_description":"Projetos bem sucedidos que se tornam refer\u00eancia para todo o mercado de Arquitetura nascem da sensibilidade, empenho e compet\u00eancia de uma equipe capaz de compreender [&hellip;]","og_url":"https:\/\/www.dabusarquitetura.com.br\/blog\/quem-somos\/","og_site_name":"DABUS ARQUITETURA","article_modified_time":"2010-12-10T13:41:00+00:00","og_image":[{"url":"http:\/\/www.dabus.com.br\/blog\/wp-content\/uploads\/2010\/06\/dabus.jpg"}],"twitter_card":"summary_large_image","twitter_misc":{"Est. tempo de leitura":"2 minutos"},"schema":{"@context":"https:\/\/schema.org","@graph":[{"@type":"WebPage","@id":"https:\/\/www.dabusarquitetura.com.br\/blog\/quem-somos\/","url":"https:\/\/www.dabusarquitetura.com.br\/blog\/quem-somos\/","name":"Quem Somos - DABUS ARQUITETURA","isPartOf":{"@id":"https:\/\/www.dabusarquitetura.com.br\/blog\/#website"},"datePublished":"2010-06-19T04:18:34+00:00","dateModified":"2010-12-10T13:41:00+00:00","breadcrumb":{"@id":"https:\/\/www.dabusarquitetura.com.br\/blog\/quem-somos\/#breadcrumb"},"inLanguage":"pt-BR","potentialAction":[{"@type":"ReadAction","target":["https:\/\/www.dabusarquitetura.com.br\/blog\/quem-somos\/"]}]},{"@type":"BreadcrumbList","@id":"https:\/\/www.dabusarquitetura.com.br\/blog\/quem-somos\/#breadcrumb","itemListElement":[{"@type":"ListItem","position":1,"name":"In\u00edcio","item":"https:\/\/www.dabusarquitetura.com.br\/blog\/"},{"@type":"ListItem","position":2,"name":"Quem Somos"}]},{"@type":"WebSite","@id":"https:\/\/www.dabusarquitetura.com.br\/blog\/#website","url":"https:\/\/www.dabusarquitetura.com.br\/blog\/","name":"DABUS ARQUITETURA","description":"Arquitetura Corporativa","potentialAction":[{"@type":"SearchAction","target":{"@type":"EntryPoint","urlTemplate":"https:\/\/www.dabusarquitetura.com.br\/blog\/?s={search_term_string}"},"query-input":"required name=search_term_string"}],"inLanguage":"pt-BR"}]}},"_links":{"self":[{"href":"https:\/\/www.dabusarquitetura.com.br\/blog\/wp-json\/wp\/v2\/pages\/13"}],"collection":[{"href":"https:\/\/www.dabusarquitetura.com.br\/blog\/wp-json\/wp\/v2\/pages"}],"about":[{"href":"https:\/\/www.dabusarquitetura.com.br\/blog\/wp-json\/wp\/v2\/types\/page"}],"author":[{"embeddable":true,"href":"https:\/\/www.dabusarquitetura.com.br\/blog\/wp-json\/wp\/v2\/users\/3"}],"replies":[{"embeddable":true,"href":"https:\/\/www.dabusarquitetura.com.br\/blog\/wp-json\/wp\/v2\/comments?post=13"}],"version-history":[{"count":0,"href":"https:\/\/www.dabusarquitetura.com.br\/blog\/wp-json\/wp\/v2\/pages\/13\/revisions"}],"wp:attachment":[{"href":"https:\/\/www.dabusarquitetura.com.br\/blog\/wp-json\/wp\/v2\/media?parent=13"}],"curies":[{"name":"wp","href":"https:\/\/api.w.org\/{rel}","templated":true}]}}